{"id":3,"date":"2025-06-26T16:21:39","date_gmt":"2025-06-26T16:21:39","guid":{"rendered":"http:\/\/www.geomen.fi\/geomen\/?page_id=3"},"modified":"2025-06-27T12:50:20","modified_gmt":"2025-06-27T12:50:20","slug":"geomen-tietosuojaseloste","status":"publish","type":"page","link":"https:\/\/www.geomen.fi\/geomen\/geomen-tietosuojaseloste\/","title":{"rendered":"Tietosuojaseloste"},"content":{"rendered":"\t\t<div data-elementor-type=\"wp-page\" data-elementor-id=\"3\" class=\"elementor elementor-3\">\n\t\t\t\t<div class=\"elementor-element elementor-element-fd8adef e-flex e-con-boxed e-con e-parent\" data-id=\"fd8adef\" data-element_type=\"container\" data-e-type=\"container\">\n\t\t\t\t\t<div class=\"e-con-inner\">\n\t\t\t\t<div class=\"elementor-element elementor-element-5d58da2 elementor-widget elementor-widget-heading\" data-id=\"5d58da2\" data-element_type=\"widget\" data-e-type=\"widget\" data-widget_type=\"heading.default\">\n\t\t\t\t<div class=\"elementor-widget-container\">\n\t\t\t\t\t<h2 class=\"elementor-heading-title elementor-size-default\">Sivuston tietosuojaseloste<\/h2>\t\t\t\t<\/div>\n\t\t\t\t<\/div>\n\t\t\t\t\t<\/div>\n\t\t\t\t<\/div>\n\t\t<div class=\"elementor-element elementor-element-516c577 e-flex e-con-boxed e-con e-parent\" data-id=\"516c577\" data-element_type=\"container\" data-e-type=\"container\">\n\t\t\t\t\t<div class=\"e-con-inner\">\n\t\t\t\t<div class=\"elementor-element elementor-element-f13a07f elementor-widget elementor-widget-text-editor\" data-id=\"f13a07f\" data-element_type=\"widget\" data-e-type=\"widget\" data-widget_type=\"text-editor.default\">\n\t\t\t\t<div class=\"elementor-widget-container\">\n\t\t\t\t\t\t\t\t\t<p><\/p>\n<div class=\"cm-template-content content_wrapper\">\n<div id=\"content_main\" class=\"cm-template-content__main design_content cm-templates-text cm-container-large cm-container-xlarge\" data-cm-hintable=\"yes\">\n<p><strong>KEIT\u00c4 OLEMME<\/strong><br \/>Verkkosivustomme osoite on:\u00a0<a class=\"cm_anchor\" href=\"https:\/\/geomen.fi\/\" target=\"_blank\" rel=\"noreferrer noopener\">https:\/\/geomen.fi<\/a>\u00a0<br \/>Geomen Oy on suomalainen osakeyhti\u00f6, jonka Y-tunnus on 3525643-6.<br \/>Rekisterist\u00e4 vastaa:<br \/>toimitusjohtaja Niila \u00d6sterberg<br \/>p. 045 655 7291<br \/>niila.osterberg(a)geomen.fi<\/p>\n<p><br \/><strong>MIT\u00c4 HENKIL\u00d6TIETOJA KER\u00c4\u00c4MME SIVUSTOLLA JA MIKSI<\/strong><br \/>Ottamalla meihin yhteytt\u00e4 sivuston kautta s\u00e4hk\u00f6postilla, saamme s\u00e4hk\u00f6postiosoitteesi sek\u00e4 antamasi tiedot. Emme koskaan luovuta tietoja kolmansille osapuolille ilman erillist\u00e4 sopimusta ja suostumusta.<\/p>\n<p><br \/><strong>EV\u00c4STEET<\/strong><br \/>Sivustolla k\u00e4ytet\u00e4\u00e4n ev\u00e4steit\u00e4 (cookies). Ev\u00e4ste on pieni, k\u00e4ytt\u00e4j\u00e4n tietokoneelle l\u00e4hetett\u00e4v\u00e4 ja siell\u00e4 s\u00e4ilytett\u00e4v\u00e4 tekstitiedosto. Ev\u00e4steet eiv\u00e4t vahingoita k\u00e4ytt\u00e4jien tietokoneita tai tiedostoja.<br \/>Ker\u00e4\u00e4mme tietoja sivujen k\u00e4yt\u00f6st\u00e4 Google Analyticsin avulla. Tietojen avulla parannetaan sivuston toimivuutta ja sivuston sis\u00e4lt\u00f6\u00e4, muttei kohdenneta markkinointia. Yksitt\u00e4isi\u00e4 k\u00e4ytt\u00e4ji\u00e4 ei tunnisteta. Jos haluat lukea Googlen ev\u00e4stek\u00e4yt\u00e4nn\u00f6ist\u00e4, t\u00e4\u00e4lt\u00e4 l\u00f6yd\u00e4t lis\u00e4tietoa:\u00a0<a class=\"cm_anchor\" href=\"https:\/\/policies.google.com\/technologies\/cookies?hl=fi\" target=\"_blank\" rel=\"noreferrer noopener\">https:\/\/policies.google.com\/technologies\/cookies?hl=fi<\/a><br \/>Voit est\u00e4\u00e4 ev\u00e4steiden tallentamisen laitteellesi, rajoittaa ev\u00e4steiden k\u00e4ytt\u00f6\u00e4 tai poistaa ev\u00e4steet selaimesi asetuksista. On hyv\u00e4 ottaa huomioon, ett\u00e4 ev\u00e4steet voivat olla tarpeellisia joidenkin palveluiden asianmukaiselle toimimiselle.<\/p>\n<p><br \/><strong>MUILTA SIVUSTOILTA UPOTETTU SIS\u00c4LT\u00d6<\/strong><br \/>T\u00e4m\u00e4n sivuston artikkelit voivat sis\u00e4lt\u00e4\u00e4 upotettua sis\u00e4lt\u00f6\u00e4 (esimerkiksi videoita, kuvia, artikkeleita jne.). Toisilta sivustoilta tuodun upotetun sis\u00e4ll\u00f6n avaaminen on verrattavissa siihen, ett\u00e4 vierailija itse k\u00e4visi kolmannen osapuolen sivustolla.<br \/>N\u00e4m\u00e4 sivustot voivat ker\u00e4t\u00e4 tietoa sinusta, k\u00e4ytt\u00e4\u00e4 ev\u00e4steit\u00e4, upottaa kolmannen osapuolen seurantaev\u00e4steit\u00e4 ja monitoroida vuorovaikutustasi upotetun sis\u00e4ll\u00f6n kanssa, mukaan lukien vuorovaikutuksen seuranta jos ja kun olet kirjautunut k\u00e4ytt\u00e4j\u00e4n\u00e4 sivustolle.<\/p>\n<p><br \/><strong>ANALYTIIKKA<\/strong><br \/>Ker\u00e4\u00e4mme tietoja sivujen k\u00e4yt\u00f6st\u00e4 sek\u00e4 k\u00e4vij\u00e4m\u00e4\u00e4rist\u00e4 Google Analyticsin avulla. Tietojen avulla parannetaan sivuston toimivuutta ja sivuston sis\u00e4lt\u00f6\u00e4, muttei kohdenneta markkinointia. Yksitt\u00e4isi\u00e4 k\u00e4ytt\u00e4ji\u00e4 ei tunnisteta. Jos haluat lukea Googlen ev\u00e4stek\u00e4yt\u00e4nn\u00f6ist\u00e4, t\u00e4\u00e4lt\u00e4 l\u00f6yd\u00e4t lis\u00e4tietoa:\u00a0<a class=\"cm_anchor\" href=\"https:\/\/policies.google.com\/technologies\/cookies?hl=fi\" target=\"_blank\" rel=\"noreferrer noopener\">https:\/\/policies.google.com\/technologies\/cookies?hl=fi<\/a><br \/>Voit est\u00e4\u00e4 ev\u00e4steiden tallentamisen laitteellesi, rajoittaa ev\u00e4steiden k\u00e4ytt\u00f6\u00e4 tai poistaa ev\u00e4steet selaimesi asetuksista. On hyv\u00e4 ottaa huomioon, ett\u00e4 ev\u00e4steet voivat olla tarpeellisia joidenkin palveluiden asianmukaiselle toimimiselle.<\/p>\n<div id=\"cm_bottom_clearer\" contenteditable=\"false\">\u00a0<\/div>\n<\/div>\n<\/div>\n<div class=\"footer_wrapper cm-templates-sidebar-container cm_can_be_empty\">\n<div class=\"sidebar_wrapper cm-templates-sidebar-two\">\n<div id=\"widgetbar_site_1\" class=\"sidebar cm-templates-sidebar--position-bottom cm_can_be_empty cm_empty cm-container-large cm-container-no-columns-2\" data-cm-hintable=\"yes\">\u00a0<\/div>\n<\/div>\n<\/div>\t\t\t\t\t\t\t\t<\/div>\n\t\t\t\t<\/div>\n\t\t\t\t\t<\/div>\n\t\t\t\t<\/div>\n\t\t\t\t<\/div>\n\t\t","protected":false},"excerpt":{"rendered":"<p>Sivuston tietosuojaseloste KEIT\u00c4 OLEMMEVerkkosivustomme osoite on:\u00a0https:\/\/geomen.fi\u00a0Geomen Oy on suomalainen osakeyhti\u00f6, jonka Y-tunnus on 3525643-6.Rekisterist\u00e4 vastaa:toimitusjohtaja Niila \u00d6sterbergp. 045 655 7291niila.osterberg(a)geomen.fi MIT\u00c4 HENKIL\u00d6TIETOJA KER\u00c4\u00c4MME SIVUSTOLLA JA MIKSIOttamalla meihin yhteytt\u00e4 sivuston kautta s\u00e4hk\u00f6postilla, saamme s\u00e4hk\u00f6postiosoitteesi sek\u00e4 antamasi tiedot. Emme koskaan luovuta tietoja kolmansille osapuolille ilman erillist\u00e4 sopimusta ja suostumusta. EV\u00c4STEETSivustolla k\u00e4ytet\u00e4\u00e4n ev\u00e4steit\u00e4 (cookies). Ev\u00e4ste on pieni, k\u00e4ytt\u00e4j\u00e4n&#8230;<\/p>\n","protected":false},"author":1,"featured_media":0,"parent":0,"menu_order":0,"comment_status":"closed","ping_status":"closed","template":"","meta":{"_kadence_starter_templates_imported_post":false,"_kad_post_transparent":"","_kad_post_title":"","_kad_post_layout":"","_kad_post_sidebar_id":"","_kad_post_content_style":"","_kad_post_vertical_padding":"","_kad_post_feature":"","_kad_post_feature_position":"","_kad_post_header":false,"_kad_post_footer":false,"_kad_post_classname":"","footnotes":""},"class_list":["post-3","page","type-page","status-publish","hentry"],"yoast_head":"<!-- This site is optimized with the Yoast SEO plugin v27.5 - https:\/\/yoast.com\/product\/yoast-seo-wordpress\/ -->\n<title>Tietosuojaseloste - Geomen<\/title>\n<meta name=\"robots\" content=\"index, follow, max-snippet:-1, max-image-preview:large, max-video-preview:-1\" \/>\n<link rel=\"canonical\" href=\"https:\/\/www.geomen.fi\/geomen\/geomen-tietosuojaseloste\/\" \/>\n<meta property=\"og:locale\" content=\"fi_FI\" \/>\n<meta property=\"og:type\" content=\"article\" \/>\n<meta property=\"og:title\" content=\"Tietosuojaseloste - Geomen\" \/>\n<meta property=\"og:description\" content=\"Sivuston tietosuojaseloste KEIT\u00c4 OLEMMEVerkkosivustomme osoite on:\u00a0https:\/\/geomen.fi\u00a0Geomen Oy on suomalainen osakeyhti\u00f6, jonka Y-tunnus on 3525643-6.Rekisterist\u00e4 vastaa:toimitusjohtaja Niila \u00d6sterbergp. 045 655 7291niila.osterberg(a)geomen.fi MIT\u00c4 HENKIL\u00d6TIETOJA KER\u00c4\u00c4MME SIVUSTOLLA JA MIKSIOttamalla meihin yhteytt\u00e4 sivuston kautta s\u00e4hk\u00f6postilla, saamme s\u00e4hk\u00f6postiosoitteesi sek\u00e4 antamasi tiedot. Emme koskaan luovuta tietoja kolmansille osapuolille ilman erillist\u00e4 sopimusta ja suostumusta. EV\u00c4STEETSivustolla k\u00e4ytet\u00e4\u00e4n ev\u00e4steit\u00e4 (cookies). Ev\u00e4ste on pieni, k\u00e4ytt\u00e4j\u00e4n...\" \/>\n<meta property=\"og:url\" content=\"https:\/\/www.geomen.fi\/geomen\/geomen-tietosuojaseloste\/\" \/>\n<meta property=\"og:site_name\" content=\"Geomen\" \/>\n<meta property=\"article:publisher\" content=\"https:\/\/www.facebook.com\/geomenoy\/\" \/>\n<meta property=\"article:modified_time\" content=\"2025-06-27T12:50:20+00:00\" \/>\n<meta name=\"twitter:card\" content=\"summary_large_image\" \/>\n<meta name=\"twitter:label1\" content=\"Arvioitu lukuaika\" \/>\n\t<meta name=\"twitter:data1\" content=\"2 minuuttia\" \/>\n<script type=\"application\/ld+json\" class=\"yoast-schema-graph\">{\"@context\":\"https:\\\/\\\/schema.org\",\"@graph\":[{\"@type\":\"WebPage\",\"@id\":\"https:\\\/\\\/www.geomen.fi\\\/geomen\\\/geomen-tietosuojaseloste\\\/\",\"url\":\"https:\\\/\\\/www.geomen.fi\\\/geomen\\\/geomen-tietosuojaseloste\\\/\",\"name\":\"Tietosuojaseloste - Geomen\",\"isPartOf\":{\"@id\":\"https:\\\/\\\/www.geomen.fi\\\/geomen\\\/#website\"},\"datePublished\":\"2025-06-26T16:21:39+00:00\",\"dateModified\":\"2025-06-27T12:50:20+00:00\",\"breadcrumb\":{\"@id\":\"https:\\\/\\\/www.geomen.fi\\\/geomen\\\/geomen-tietosuojaseloste\\\/#breadcrumb\"},\"inLanguage\":\"fi\",\"potentialAction\":[{\"@type\":\"ReadAction\",\"target\":[\"https:\\\/\\\/www.geomen.fi\\\/geomen\\\/geomen-tietosuojaseloste\\\/\"]}]},{\"@type\":\"BreadcrumbList\",\"@id\":\"https:\\\/\\\/www.geomen.fi\\\/geomen\\\/geomen-tietosuojaseloste\\\/#breadcrumb\",\"itemListElement\":[{\"@type\":\"ListItem\",\"position\":1,\"name\":\"Etusivu\",\"item\":\"https:\\\/\\\/www.geomen.fi\\\/geomen\\\/\"},{\"@type\":\"ListItem\",\"position\":2,\"name\":\"Tietosuojaseloste\"}]},{\"@type\":\"WebSite\",\"@id\":\"https:\\\/\\\/www.geomen.fi\\\/geomen\\\/#website\",\"url\":\"https:\\\/\\\/www.geomen.fi\\\/geomen\\\/\",\"name\":\"Geomen\",\"description\":\"Pohjarakentamisen Asiantuntija\",\"publisher\":{\"@id\":\"https:\\\/\\\/www.geomen.fi\\\/geomen\\\/#organization\"},\"potentialAction\":[{\"@type\":\"SearchAction\",\"target\":{\"@type\":\"EntryPoint\",\"urlTemplate\":\"https:\\\/\\\/www.geomen.fi\\\/geomen\\\/?s={search_term_string}\"},\"query-input\":{\"@type\":\"PropertyValueSpecification\",\"valueRequired\":true,\"valueName\":\"search_term_string\"}}],\"inLanguage\":\"fi\"},{\"@type\":\"Organization\",\"@id\":\"https:\\\/\\\/www.geomen.fi\\\/geomen\\\/#organization\",\"name\":\"Geomen\",\"url\":\"https:\\\/\\\/www.geomen.fi\\\/geomen\\\/\",\"logo\":{\"@type\":\"ImageObject\",\"inLanguage\":\"fi\",\"@id\":\"https:\\\/\\\/www.geomen.fi\\\/geomen\\\/#\\\/schema\\\/logo\\\/image\\\/\",\"url\":\"https:\\\/\\\/www.geomen.fi\\\/geomen\\\/wp-content\\\/uploads\\\/2025\\\/06\\\/cropped-Nayttokuva_2025-05-11_160759-removebg-preview.png\",\"contentUrl\":\"https:\\\/\\\/www.geomen.fi\\\/geomen\\\/wp-content\\\/uploads\\\/2025\\\/06\\\/cropped-Nayttokuva_2025-05-11_160759-removebg-preview.png\",\"width\":842,\"height\":234,\"caption\":\"Geomen\"},\"image\":{\"@id\":\"https:\\\/\\\/www.geomen.fi\\\/geomen\\\/#\\\/schema\\\/logo\\\/image\\\/\"},\"sameAs\":[\"https:\\\/\\\/www.facebook.com\\\/geomenoy\\\/\",\"https:\\\/\\\/www.instagram.com\\\/geomen.fi\\\/\"]}]}<\/script>\n<!-- \/ Yoast SEO plugin. -->","yoast_head_json":{"title":"Tietosuojaseloste - Geomen","robots":{"index":"index","follow":"follow","max-snippet":"max-snippet:-1","max-image-preview":"max-image-preview:large","max-video-preview":"max-video-preview:-1"},"canonical":"https:\/\/www.geomen.fi\/geomen\/geomen-tietosuojaseloste\/","og_locale":"fi_FI","og_type":"article","og_title":"Tietosuojaseloste - Geomen","og_description":"Sivuston tietosuojaseloste KEIT\u00c4 OLEMMEVerkkosivustomme osoite on:\u00a0https:\/\/geomen.fi\u00a0Geomen Oy on suomalainen osakeyhti\u00f6, jonka Y-tunnus on 3525643-6.Rekisterist\u00e4 vastaa:toimitusjohtaja Niila \u00d6sterbergp. 045 655 7291niila.osterberg(a)geomen.fi MIT\u00c4 HENKIL\u00d6TIETOJA KER\u00c4\u00c4MME SIVUSTOLLA JA MIKSIOttamalla meihin yhteytt\u00e4 sivuston kautta s\u00e4hk\u00f6postilla, saamme s\u00e4hk\u00f6postiosoitteesi sek\u00e4 antamasi tiedot. Emme koskaan luovuta tietoja kolmansille osapuolille ilman erillist\u00e4 sopimusta ja suostumusta. EV\u00c4STEETSivustolla k\u00e4ytet\u00e4\u00e4n ev\u00e4steit\u00e4 (cookies). Ev\u00e4ste on pieni, k\u00e4ytt\u00e4j\u00e4n...","og_url":"https:\/\/www.geomen.fi\/geomen\/geomen-tietosuojaseloste\/","og_site_name":"Geomen","article_publisher":"https:\/\/www.facebook.com\/geomenoy\/","article_modified_time":"2025-06-27T12:50:20+00:00","twitter_card":"summary_large_image","twitter_misc":{"Arvioitu lukuaika":"2 minuuttia"},"schema":{"@context":"https:\/\/schema.org","@graph":[{"@type":"WebPage","@id":"https:\/\/www.geomen.fi\/geomen\/geomen-tietosuojaseloste\/","url":"https:\/\/www.geomen.fi\/geomen\/geomen-tietosuojaseloste\/","name":"Tietosuojaseloste - Geomen","isPartOf":{"@id":"https:\/\/www.geomen.fi\/geomen\/#website"},"datePublished":"2025-06-26T16:21:39+00:00","dateModified":"2025-06-27T12:50:20+00:00","breadcrumb":{"@id":"https:\/\/www.geomen.fi\/geomen\/geomen-tietosuojaseloste\/#breadcrumb"},"inLanguage":"fi","potentialAction":[{"@type":"ReadAction","target":["https:\/\/www.geomen.fi\/geomen\/geomen-tietosuojaseloste\/"]}]},{"@type":"BreadcrumbList","@id":"https:\/\/www.geomen.fi\/geomen\/geomen-tietosuojaseloste\/#breadcrumb","itemListElement":[{"@type":"ListItem","position":1,"name":"Etusivu","item":"https:\/\/www.geomen.fi\/geomen\/"},{"@type":"ListItem","position":2,"name":"Tietosuojaseloste"}]},{"@type":"WebSite","@id":"https:\/\/www.geomen.fi\/geomen\/#website","url":"https:\/\/www.geomen.fi\/geomen\/","name":"Geomen","description":"Pohjarakentamisen Asiantuntija","publisher":{"@id":"https:\/\/www.geomen.fi\/geomen\/#organization"},"potentialAction":[{"@type":"SearchAction","target":{"@type":"EntryPoint","urlTemplate":"https:\/\/www.geomen.fi\/geomen\/?s={search_term_string}"},"query-input":{"@type":"PropertyValueSpecification","valueRequired":true,"valueName":"search_term_string"}}],"inLanguage":"fi"},{"@type":"Organization","@id":"https:\/\/www.geomen.fi\/geomen\/#organization","name":"Geomen","url":"https:\/\/www.geomen.fi\/geomen\/","logo":{"@type":"ImageObject","inLanguage":"fi","@id":"https:\/\/www.geomen.fi\/geomen\/#\/schema\/logo\/image\/","url":"https:\/\/www.geomen.fi\/geomen\/wp-content\/uploads\/2025\/06\/cropped-Nayttokuva_2025-05-11_160759-removebg-preview.png","contentUrl":"https:\/\/www.geomen.fi\/geomen\/wp-content\/uploads\/2025\/06\/cropped-Nayttokuva_2025-05-11_160759-removebg-preview.png","width":842,"height":234,"caption":"Geomen"},"image":{"@id":"https:\/\/www.geomen.fi\/geomen\/#\/schema\/logo\/image\/"},"sameAs":["https:\/\/www.facebook.com\/geomenoy\/","https:\/\/www.instagram.com\/geomen.fi\/"]}]}},"_links":{"self":[{"href":"https:\/\/www.geomen.fi\/geomen\/wp-json\/wp\/v2\/pages\/3","targetHints":{"allow":["GET"]}}],"collection":[{"href":"https:\/\/www.geomen.fi\/geomen\/wp-json\/wp\/v2\/pages"}],"about":[{"href":"https:\/\/www.geomen.fi\/geomen\/wp-json\/wp\/v2\/types\/page"}],"author":[{"embeddable":true,"href":"https:\/\/www.geomen.fi\/geomen\/wp-json\/wp\/v2\/users\/1"}],"replies":[{"embeddable":true,"href":"https:\/\/www.geomen.fi\/geomen\/wp-json\/wp\/v2\/comments?post=3"}],"version-history":[{"count":1,"href":"https:\/\/www.geomen.fi\/geomen\/wp-json\/wp\/v2\/pages\/3\/revisions"}],"predecessor-version":[{"id":2230,"href":"https:\/\/www.geomen.fi\/geomen\/wp-json\/wp\/v2\/pages\/3\/revisions\/2230"}],"wp:attachment":[{"href":"https:\/\/www.geomen.fi\/geomen\/wp-json\/wp\/v2\/media?parent=3"}],"curies":[{"name":"wp","href":"https:\/\/api.w.org\/{rel}","templated":true}]}}